{"id":296,"date":"2020-11-27T18:49:49","date_gmt":"2020-11-27T18:49:49","guid":{"rendered":"https:\/\/www.roy.se\/?page_id=296"},"modified":"2022-02-15T06:16:20","modified_gmt":"2022-02-15T06:16:20","slug":"take-away-or-drivethru","status":"publish","type":"page","link":"https:\/\/www.roy.se\/en\/take-away-or-drivethru\/","title":{"rendered":"TAKE AWAY OR DRIVE THRU"},"content":{"rendered":"<div data-elementor-type=\"wp-page\" data-elementor-id=\"296\" class=\"elementor elementor-296\" data-elementor-post-type=\"page\">\n\t\t\t\t\t\t<section class=\"elementor-section elementor-top-section elementor-element elementor-element-803a5c9 elementor-section-boxed elementor-section-height-default elementor-section-height-default\" data-id=\"803a5c9\" data-element_type=\"section\" data-e-type=\"section\">\n\t\t\t\t\t\t<div class=\"elementor-container elementor-column-gap-default\">\n\t\t\t\t\t<div class=\"elementor-column elementor-col-50 elementor-top-column elementor-element elementor-element-12ad321\" data-id=\"12ad321\" data-element_type=\"column\" data-e-type=\"column\">\n\t\t\t<div class=\"elementor-widget-wrap\">\n\t\t\t\t\t\t\t<\/div>\n\t\t<\/div>\n\t\t\t\t<div class=\"elementor-column elementor-col-50 elementor-top-column elementor-element elementor-element-33cbe7a\" data-id=\"33cbe7a\" data-element_type=\"column\" data-e-type=\"column\">\n\t\t\t<div class=\"elementor-widget-wrap elementor-element-populated\">\n\t\t\t\t\t\t<div class=\"elementor-element elementor-element-ebdf60b elementor-widget elementor-widget-heading\" data-id=\"ebdf60b\" data-element_type=\"widget\" data-e-type=\"widget\" data-widget_type=\"heading.default\">\n\t\t\t\t<div class=\"elementor-widget-container\">\n\t\t\t\t\t<h2 class=\"elementor-heading-title elementor-size-default\">Kommer inom kort!<\/h2>\t\t\t\t<\/div>\n\t\t\t\t<\/div>\n\t\t\t\t\t<\/div>\n\t\t<\/div>\n\t\t\t\t\t<\/div>\n\t\t<\/section>\n\t\t\t\t<section class=\"elementor-section elementor-top-section elementor-element elementor-element-84338ad elementor-section-boxed elementor-section-height-default elementor-section-height-default\" data-id=\"84338ad\" data-element_type=\"section\" data-e-type=\"section\">\n\t\t\t\t\t\t<div class=\"elementor-container elementor-column-gap-default\">\n\t\t\t\t\t<div class=\"elementor-column elementor-col-50 elementor-top-column elementor-element elementor-element-a2ad691\" data-id=\"a2ad691\" data-element_type=\"column\" data-e-type=\"column\">\n\t\t\t<div class=\"elementor-widget-wrap elementor-element-populated\">\n\t\t\t\t\t\t<div class=\"elementor-element elementor-element-37a8430 elementor-widget elementor-widget-image\" data-id=\"37a8430\" data-element_type=\"widget\" data-e-type=\"widget\" data-widget_type=\"image.default\">\n\t\t\t\t<div class=\"elementor-widget-container\">\n\t\t\t\t\t\t\t\t\t\t\t\t\t\t\t<img decoding=\"async\" src=\"https:\/\/media.roy.se\/2019\/05\/gallery-8.jpg\" title=\"gallery-8\" alt=\"\" loading=\"lazy\" \/>\t\t\t\t\t\t\t\t\t\t\t\t\t\t\t<\/div>\n\t\t\t\t<\/div>\n\t\t\t\t\t<\/div>\n\t\t<\/div>\n\t\t\t\t<div class=\"elementor-column elementor-col-50 elementor-top-column elementor-element elementor-element-172b7e6\" data-id=\"172b7e6\" data-element_type=\"column\" data-e-type=\"column\">\n\t\t\t<div class=\"elementor-widget-wrap elementor-element-populated\">\n\t\t\t\t\t\t<div class=\"elementor-element elementor-element-3f85576 elementor-widget elementor-widget-text-editor\" data-id=\"3f85576\" data-element_type=\"widget\" data-e-type=\"widget\" data-widget_type=\"text-editor.default\">\n\t\t\t\t<div class=\"elementor-widget-container\">\n\t\t\t\t\t\t\t\t\t<h3 style=\"text-align: center;\"><span style=\"font-style: normal;\"><b>\u00a0<\/b><\/span><\/h3><h3 style=\"text-align: center;\"><span style=\"font-style: normal;\"><b>P\u00e5 spr\u00e5ng och hinner inte stanna?\u00a0<br \/>Inga problem!\u00a0<\/b><\/span><\/h3><p style=\"text-align: center;\">K\u00f6r f\u00f6rbi oss och h\u00e4mta upp dina favoriter i v\u00e5r drivethru. Allt fr\u00e5n baguetter, sallader till den svinn-smarta m\u00e5ltiden!\u00a0<\/p><p style=\"text-align: center;\">Den svinn-smarta m\u00e5ltiden \u00e4r g\u00e5rdagens &#8221;dagens r\u00e4tt&#8221; till ett billigare pris. Vi p\u00e5 ROY Restaurant Caf\u00e9 &amp; Bar har tydliga h\u00e5llbarhetsm\u00e5l, d\u00e4r att minska matsvinnet \u00e4r en viktig del!<\/p>\t\t\t\t\t\t\t\t<\/div>\n\t\t\t\t<\/div>\n\t\t\t\t<div class=\"elementor-element elementor-element-73db23c elementor-align-center elementor-widget elementor-widget-button\" data-id=\"73db23c\" data-element_type=\"widget\" data-e-type=\"widget\" data-widget_type=\"button.default\">\n\t\t\t\t<div class=\"elementor-widget-container\">\n\t\t\t\t\t\t\t\t\t<div class=\"elementor-button-wrapper\">\n\t\t\t\t\t<a class=\"elementor-button elementor-button-link elementor-size-sm\" href=\"https:\/\/www.roy.se\/en\/hitta-hit\/\">\n\t\t\t\t\t\t<span class=\"elementor-button-content-wrapper\">\n\t\t\t\t\t\t\t\t\t<span class=\"elementor-button-text\">Ring oss!<\/span>\n\t\t\t\t\t<\/span>\n\t\t\t\t\t<\/a>\n\t\t\t\t<\/div>\n\t\t\t\t\t\t\t\t<\/div>\n\t\t\t\t<\/div>\n\t\t\t\t\t<\/div>\n\t\t<\/div>\n\t\t\t\t\t<\/div>\n\t\t<\/section>\n\t\t\t\t<section class=\"elementor-section elementor-top-section elementor-element elementor-element-cda4bbd elementor-section-boxed elementor-section-height-default elementor-section-height-default\" data-id=\"cda4bbd\" data-element_type=\"section\" data-e-type=\"section\">\n\t\t\t\t\t\t<div class=\"elementor-container elementor-column-gap-default\">\n\t\t\t\t\t<div class=\"elementor-column elementor-col-100 elementor-top-column elementor-element elementor-element-be4dde8\" data-id=\"be4dde8\" data-element_type=\"column\" data-e-type=\"column\">\n\t\t\t<div class=\"elementor-widget-wrap\">\n\t\t\t\t\t\t\t<\/div>\n\t\t<\/div>\n\t\t\t\t\t<\/div>\n\t\t<\/section>\n\t\t\t\t<\/div>","protected":false},"excerpt":{"rendered":"<p>Kommer inom kort! \u00a0 P\u00e5 spr\u00e5ng och hinner inte stanna?\u00a0Inga problem!\u00a0 K\u00f6r f\u00f6rbi oss och h\u00e4mta upp dina favoriter i v\u00e5r drivethru. Allt fr\u00e5n baguetter, sallader till den svinn-smarta m\u00e5ltiden!\u00a0 Den svinn-smarta m\u00e5ltiden \u00e4r g\u00e5rdagens &#8221;dagens r\u00e4tt&#8221; till ett billigare pris. Vi p\u00e5 ROY Restaurant Caf\u00e9 &amp; Bar har tydliga h\u00e5llbarhetsm\u00e5l, d\u00e4r att minska matsvinnet [&hellip;]<\/p>\n","protected":false},"author":1,"featured_media":0,"parent":0,"menu_order":0,"comment_status":"closed","ping_status":"closed","template":"","meta":{"footnotes":""},"class_list":["post-296","page","type-page","status-publish","hentry"],"aioseo_notices":[],"_links":{"self":[{"href":"https:\/\/www.roy.se\/en\/wp-json\/wp\/v2\/pages\/296","targetHints":{"allow":["GET"]}}],"collection":[{"href":"https:\/\/www.roy.se\/en\/wp-json\/wp\/v2\/pages"}],"about":[{"href":"https:\/\/www.roy.se\/en\/wp-json\/wp\/v2\/types\/page"}],"author":[{"embeddable":true,"href":"https:\/\/www.roy.se\/en\/wp-json\/wp\/v2\/users\/1"}],"replies":[{"embeddable":true,"href":"https:\/\/www.roy.se\/en\/wp-json\/wp\/v2\/comments?post=296"}],"version-history":[{"count":20,"href":"https:\/\/www.roy.se\/en\/wp-json\/wp\/v2\/pages\/296\/revisions"}],"predecessor-version":[{"id":1641,"href":"https:\/\/www.roy.se\/en\/wp-json\/wp\/v2\/pages\/296\/revisions\/1641"}],"wp:attachment":[{"href":"https:\/\/www.roy.se\/en\/wp-json\/wp\/v2\/media?parent=296"}],"curies":[{"name":"wp","href":"https:\/\/api.w.org\/{rel}","templated":true}]}}