{"id":129,"date":"2020-11-04T18:55:48","date_gmt":"2020-11-04T18:55:48","guid":{"rendered":"https:\/\/www.roy.se\/?page_id=129"},"modified":"2023-06-23T14:04:08","modified_gmt":"2023-06-23T14:04:08","slug":"jobba-hos-oss","status":"publish","type":"page","link":"https:\/\/www.roy.se\/en\/jobba-hos-oss\/","title":{"rendered":"JOBBA HOS OSS"},"content":{"rendered":"<div data-elementor-type=\"wp-page\" data-elementor-id=\"129\" class=\"elementor elementor-129\" data-elementor-post-type=\"page\">\n\t\t\t\t\t\t<section class=\"elementor-section elementor-top-section elementor-element elementor-element-3d39eeb elementor-section-stretched elementor-section-boxed elementor-section-height-default elementor-section-height-default\" data-id=\"3d39eeb\" data-element_type=\"section\" data-e-type=\"section\" data-settings=\"{&quot;stretch_section&quot;:&quot;section-stretched&quot;}\">\n\t\t\t\t\t\t\t<div class=\"elementor-background-overlay\"><\/div>\n\t\t\t\t\t\t\t<div class=\"elementor-container elementor-column-gap-default\">\n\t\t\t\t\t<div class=\"elementor-column elementor-col-50 elementor-top-column elementor-element elementor-element-48a9938\" data-id=\"48a9938\" data-element_type=\"column\" data-e-type=\"column\">\n\t\t\t<div class=\"elementor-widget-wrap elementor-element-populated\">\n\t\t\t\t\t\t<div class=\"elementor-element elementor-element-d168578 elementor-widget elementor-widget-image\" data-id=\"d168578\" data-element_type=\"widget\" data-e-type=\"widget\" data-widget_type=\"image.default\">\n\t\t\t\t<div class=\"elementor-widget-container\">\n\t\t\t\t\t\t\t\t\t\t\t\t\t\t\t<img decoding=\"async\" src=\"https:\/\/media.roy.se\/2021\/11\/roy-sign.png\" title=\"roy sign\" alt=\"roy sign\" loading=\"lazy\" \/>\t\t\t\t\t\t\t\t\t\t\t\t\t\t\t<\/div>\n\t\t\t\t<\/div>\n\t\t\t\t\t<\/div>\n\t\t<\/div>\n\t\t\t\t<div class=\"elementor-column elementor-col-50 elementor-top-column elementor-element elementor-element-5bb1165\" data-id=\"5bb1165\" data-element_type=\"column\" data-e-type=\"column\">\n\t\t\t<div class=\"elementor-widget-wrap elementor-element-populated\">\n\t\t\t\t\t\t<div class=\"elementor-element elementor-element-de488f2 elementor-widget elementor-widget-spacer\" data-id=\"de488f2\" data-element_type=\"widget\" data-e-type=\"widget\" data-widget_type=\"spacer.default\">\n\t\t\t\t<div class=\"elementor-widget-container\">\n\t\t\t\t\t\t\t<div class=\"elementor-spacer\">\n\t\t\t<div class=\"elementor-spacer-inner\"><\/div>\n\t\t<\/div>\n\t\t\t\t\t\t<\/div>\n\t\t\t\t<\/div>\n\t\t\t\t<div class=\"elementor-element elementor-element-8558e98 elementor-widget elementor-widget-heading\" data-id=\"8558e98\" data-element_type=\"widget\" data-e-type=\"widget\" data-widget_type=\"heading.default\">\n\t\t\t\t<div class=\"elementor-widget-container\">\n\t\t\t\t\t<h2 class=\"elementor-heading-title elementor-size-xl\">Jobba med oss p\u00e5 ROY!<\/h2>\t\t\t\t<\/div>\n\t\t\t\t<\/div>\n\t\t\t\t<div class=\"elementor-element elementor-element-8665241 elementor-widget elementor-widget-text-editor\" data-id=\"8665241\" data-element_type=\"widget\" data-e-type=\"widget\" data-widget_type=\"text-editor.default\">\n\t\t\t\t<div class=\"elementor-widget-container\">\n\t\t\t\t\t\t\t\t\t<p style=\"text-align: center;\"><span style=\"color: #ffffff;\">Bli en del av ROY-familjen. Vi letar st\u00e4ndigt efter nya medarbetare som brinner f\u00f6r bra service, god mat och som vill utvecklas tillsammans med oss!<\/span><\/p><p style=\"text-align: center;\"><span style=\"color: #ffffff;\">H\u00e4r kan du se n\u00e4r vi har lediga tj\u00e4nster ute. Men hittar du inget f\u00f6r just dig, f\u00e5r du g\u00e4rna maila ditt CV till medarbetare@roy.se<\/span><\/p>\t\t\t\t\t\t\t\t<\/div>\n\t\t\t\t<\/div>\n\t\t\t\t\t<\/div>\n\t\t<\/div>\n\t\t\t\t\t<\/div>\n\t\t<\/section>\n\t\t\t\t<\/div>","protected":false},"excerpt":{"rendered":"<p>Jobba med oss p\u00e5 ROY! Bli en del av ROY-familjen. Vi letar st\u00e4ndigt efter nya medarbetare som brinner f\u00f6r bra service, god mat och som vill utvecklas tillsammans med oss! H\u00e4r kan du se n\u00e4r vi har lediga tj\u00e4nster ute. Men hittar du inget f\u00f6r just dig, f\u00e5r du g\u00e4rna maila ditt CV till medarbetare@roy.se<\/p>","protected":false},"author":1,"featured_media":0,"parent":0,"menu_order":0,"comment_status":"closed","ping_status":"closed","template":"","meta":{"footnotes":""},"class_list":["post-129","page","type-page","status-publish","hentry"],"aioseo_notices":[],"_links":{"self":[{"href":"https:\/\/www.roy.se\/en\/wp-json\/wp\/v2\/pages\/129","targetHints":{"allow":["GET"]}}],"collection":[{"href":"https:\/\/www.roy.se\/en\/wp-json\/wp\/v2\/pages"}],"about":[{"href":"https:\/\/www.roy.se\/en\/wp-json\/wp\/v2\/types\/page"}],"author":[{"embeddable":true,"href":"https:\/\/www.roy.se\/en\/wp-json\/wp\/v2\/users\/1"}],"replies":[{"embeddable":true,"href":"https:\/\/www.roy.se\/en\/wp-json\/wp\/v2\/comments?post=129"}],"version-history":[{"count":28,"href":"https:\/\/www.roy.se\/en\/wp-json\/wp\/v2\/pages\/129\/revisions"}],"predecessor-version":[{"id":4079,"href":"https:\/\/www.roy.se\/en\/wp-json\/wp\/v2\/pages\/129\/revisions\/4079"}],"wp:attachment":[{"href":"https:\/\/www.roy.se\/en\/wp-json\/wp\/v2\/media?parent=129"}],"curies":[{"name":"wp","href":"https:\/\/api.w.org\/{rel}","templated":true}]}}